{"id":37,"date":"2013-05-05T22:31:30","date_gmt":"2013-05-05T21:31:30","guid":{"rendered":"http:\/\/www.liouty.com\/fr\/?page_id=37"},"modified":"2024-04-06T18:13:02","modified_gmt":"2024-04-06T17:13:02","slug":"37-2","status":"publish","type":"page","link":"http:\/\/www.liouty.com\/fr\/","title":{"rendered":"Liouty G\u00eete \u00e0 Ceyras."},"content":{"rendered":"\n<p>Petit village typique du Languedoc, CEYRAS est id\u00e9alement situ\u00e9 entre mer et Larzac, \u00e0 mi-chemin de Montpellier et de B\u00e9ziers, sur la route de l\u2019Espagne et au c\u0153ur du vignoble h\u00e9raultais.\u00a0<\/p>\n\n\n\n<p><strong><!-- default-view.php -->\n<div\n\tclass=\"ngg-galleryoverview default-view \n\t ngg-ajax-pagination-none\t\"\n\tid=\"ngg-gallery-14ff1719ce6ba86d23c229e6e4a427c3-1\">\n\n\t\t<!-- Thumbnails -->\n\t\t\t\t<div id=\"ngg-image-0\" class=\"ngg-gallery-thumbnail-box \n\t\t\t\t\t\t\t\t\t\t\t\" \n\t\t\t>\n\t\t\t\t\t\t<div class=\"ngg-gallery-thumbnail\">\n\t\t\t<a href=\"http:\/\/www.liouty.com\/fr\/wp-content\/gallery\/chambres\/salon-1b-800.jpg\"\n\t\t\t\ttitle=\"Notre chambre d\u2019h\u00f4tes se trouve au c\u0153ur du village de Ceyras dans l&#039;H\u00e9rault...\"\n\t\t\t\tdata-src=\"http:\/\/www.liouty.com\/fr\/wp-content\/gallery\/chambres\/salon-1b-800.jpg\"\n\t\t\t\tdata-thumbnail=\"http:\/\/www.liouty.com\/fr\/wp-content\/gallery\/chambres\/thumbs\/thumbs_salon-1b-800.jpg\"\n\t\t\t\tdata-image-id=\"21\"\n\t\t\t\tdata-title=\"\u00a9 Liouty | G\u00eete\"\n\t\t\t\tdata-description=\"Notre chambre d\u2019h\u00f4tes se trouve au c\u0153ur du village de Ceyras dans l&#039;H\u00e9rault...\"\n\t\t\t\tdata-image-slug=\"liouty-chambres-dhotes-2\"\n\t\t\t\tclass=\"shutterset_14ff1719ce6ba86d23c229e6e4a427c3\">\n\t\t\t\t<img\n\t\t\t\t\ttitle=\"\u00a9 Liouty | G\u00eete\"\n\t\t\t\t\talt=\"\u00a9 Liouty | G\u00eete\"\n\t\t\t\t\tsrc=\"http:\/\/www.liouty.com\/fr\/wp-content\/gallery\/chambres\/thumbs\/thumbs_salon-1b-800.jpg\"\n\t\t\t\t\twidth=\"100\"\n\t\t\t\t\theight=\"75\"\n\t\t\t\t\tstyle=\"max-width:100%;\"\n\t\t\t\t\/>\n\t\t\t<\/a>\n\t\t<\/div>\n\t\t\t\t\t\t\t<\/div> \n\t\t\t\n\t\t\t\t<div id=\"ngg-image-1\" class=\"ngg-gallery-thumbnail-box \n\t\t\t\t\t\t\t\t\t\t\t\" \n\t\t\t>\n\t\t\t\t\t\t<div class=\"ngg-gallery-thumbnail\">\n\t\t\t<a href=\"http:\/\/www.liouty.com\/fr\/wp-content\/gallery\/chambres\/room_3b-800.jpg\"\n\t\t\t\ttitle=\"Notre chambre d\u2019h\u00f4tes se trouve au c\u0153ur du village de Ceyras dans l&#039;H\u00e9rault...\"\n\t\t\t\tdata-src=\"http:\/\/www.liouty.com\/fr\/wp-content\/gallery\/chambres\/room_3b-800.jpg\"\n\t\t\t\tdata-thumbnail=\"http:\/\/www.liouty.com\/fr\/wp-content\/gallery\/chambres\/thumbs\/thumbs_room_3b-800.jpg\"\n\t\t\t\tdata-image-id=\"19\"\n\t\t\t\tdata-title=\"\u00a9 Liouty | G\u00eete\"\n\t\t\t\tdata-description=\"Notre chambre d\u2019h\u00f4tes se trouve au c\u0153ur du village de Ceyras dans l&#039;H\u00e9rault...\"\n\t\t\t\tdata-image-slug=\"liouty-chambres-dhotes-3\"\n\t\t\t\tclass=\"shutterset_14ff1719ce6ba86d23c229e6e4a427c3\">\n\t\t\t\t<img\n\t\t\t\t\ttitle=\"\u00a9 Liouty | G\u00eete\"\n\t\t\t\t\talt=\"\u00a9 Liouty | G\u00eete\"\n\t\t\t\t\tsrc=\"http:\/\/www.liouty.com\/fr\/wp-content\/gallery\/chambres\/thumbs\/thumbs_room_3b-800.jpg\"\n\t\t\t\t\twidth=\"100\"\n\t\t\t\t\theight=\"75\"\n\t\t\t\t\tstyle=\"max-width:100%;\"\n\t\t\t\t\/>\n\t\t\t<\/a>\n\t\t<\/div>\n\t\t\t\t\t\t\t<\/div> \n\t\t\t\n\t\t\t\t<div id=\"ngg-image-2\" class=\"ngg-gallery-thumbnail-box \n\t\t\t\t\t\t\t\t\t\t\t\" \n\t\t\t>\n\t\t\t\t\t\t<div class=\"ngg-gallery-thumbnail\">\n\t\t\t<a href=\"http:\/\/www.liouty.com\/fr\/wp-content\/gallery\/chambres\/room_3a-800.jpg\"\n\t\t\t\ttitle=\"Notre chambre d\u2019h\u00f4tes se trouve au c\u0153ur du village de Ceyras dans l&#039;H\u00e9rault...\"\n\t\t\t\tdata-src=\"http:\/\/www.liouty.com\/fr\/wp-content\/gallery\/chambres\/room_3a-800.jpg\"\n\t\t\t\tdata-thumbnail=\"http:\/\/www.liouty.com\/fr\/wp-content\/gallery\/chambres\/thumbs\/thumbs_room_3a-800.jpg\"\n\t\t\t\tdata-image-id=\"18\"\n\t\t\t\tdata-title=\"\u00a9 Liouty | G\u00eete\"\n\t\t\t\tdata-description=\"Notre chambre d\u2019h\u00f4tes se trouve au c\u0153ur du village de Ceyras dans l&#039;H\u00e9rault...\"\n\t\t\t\tdata-image-slug=\"liouty-chambres-dhotes-4\"\n\t\t\t\tclass=\"shutterset_14ff1719ce6ba86d23c229e6e4a427c3\">\n\t\t\t\t<img\n\t\t\t\t\ttitle=\"\u00a9 Liouty | G\u00eete\"\n\t\t\t\t\talt=\"\u00a9 Liouty | G\u00eete\"\n\t\t\t\t\tsrc=\"http:\/\/www.liouty.com\/fr\/wp-content\/gallery\/chambres\/thumbs\/thumbs_room_3a-800.jpg\"\n\t\t\t\t\twidth=\"100\"\n\t\t\t\t\theight=\"75\"\n\t\t\t\t\tstyle=\"max-width:100%;\"\n\t\t\t\t\/>\n\t\t\t<\/a>\n\t\t<\/div>\n\t\t\t\t\t\t\t<\/div> \n\t\t\t\n\t\t\t\t<div id=\"ngg-image-3\" class=\"ngg-gallery-thumbnail-box \n\t\t\t\t\t\t\t\t\t\t\t\" \n\t\t\t>\n\t\t\t\t\t\t<div class=\"ngg-gallery-thumbnail\">\n\t\t\t<a href=\"http:\/\/www.liouty.com\/fr\/wp-content\/gallery\/chambres\/room_1b-800.jpg\"\n\t\t\t\ttitle=\"Notre chambre d\u2019h\u00f4tes se trouve au c\u0153ur du village de Ceyras dans l&#039;H\u00e9rault...\"\n\t\t\t\tdata-src=\"http:\/\/www.liouty.com\/fr\/wp-content\/gallery\/chambres\/room_1b-800.jpg\"\n\t\t\t\tdata-thumbnail=\"http:\/\/www.liouty.com\/fr\/wp-content\/gallery\/chambres\/thumbs\/thumbs_room_1b-800.jpg\"\n\t\t\t\tdata-image-id=\"17\"\n\t\t\t\tdata-title=\"\u00a9 Liouty | G\u00eete\"\n\t\t\t\tdata-description=\"Notre chambre d\u2019h\u00f4tes se trouve au c\u0153ur du village de Ceyras dans l&#039;H\u00e9rault...\"\n\t\t\t\tdata-image-slug=\"liouty-chambres-dhotes-5\"\n\t\t\t\tclass=\"shutterset_14ff1719ce6ba86d23c229e6e4a427c3\">\n\t\t\t\t<img\n\t\t\t\t\ttitle=\"\u00a9 Liouty | G\u00eete\"\n\t\t\t\t\talt=\"\u00a9 Liouty | G\u00eete\"\n\t\t\t\t\tsrc=\"http:\/\/www.liouty.com\/fr\/wp-content\/gallery\/chambres\/thumbs\/thumbs_room_1b-800.jpg\"\n\t\t\t\t\twidth=\"100\"\n\t\t\t\t\theight=\"75\"\n\t\t\t\t\tstyle=\"max-width:100%;\"\n\t\t\t\t\/>\n\t\t\t<\/a>\n\t\t<\/div>\n\t\t\t\t\t\t\t<\/div> \n\t\t\t\n\t\t\t\t<div id=\"ngg-image-4\" class=\"ngg-gallery-thumbnail-box \n\t\t\t\t\t\t\t\t\t\t\t\" \n\t\t\t>\n\t\t\t\t\t\t<div class=\"ngg-gallery-thumbnail\">\n\t\t\t<a href=\"http:\/\/www.liouty.com\/fr\/wp-content\/gallery\/chambres\/room_1a-800.jpg\"\n\t\t\t\ttitle=\"Notre chambre d\u2019h\u00f4tes se trouve au c\u0153ur du village de Ceyras dans l&#039;H\u00e9rault...\"\n\t\t\t\tdata-src=\"http:\/\/www.liouty.com\/fr\/wp-content\/gallery\/chambres\/room_1a-800.jpg\"\n\t\t\t\tdata-thumbnail=\"http:\/\/www.liouty.com\/fr\/wp-content\/gallery\/chambres\/thumbs\/thumbs_room_1a-800.jpg\"\n\t\t\t\tdata-image-id=\"16\"\n\t\t\t\tdata-title=\"\u00a9 Liouty | G\u00eete\"\n\t\t\t\tdata-description=\"Notre chambre d\u2019h\u00f4tes se trouve au c\u0153ur du village de Ceyras dans l&#039;H\u00e9rault...\"\n\t\t\t\tdata-image-slug=\"liouty-chambres-dhotes-6\"\n\t\t\t\tclass=\"shutterset_14ff1719ce6ba86d23c229e6e4a427c3\">\n\t\t\t\t<img\n\t\t\t\t\ttitle=\"\u00a9 Liouty | G\u00eete\"\n\t\t\t\t\talt=\"\u00a9 Liouty | G\u00eete\"\n\t\t\t\t\tsrc=\"http:\/\/www.liouty.com\/fr\/wp-content\/gallery\/chambres\/thumbs\/thumbs_room_1a-800.jpg\"\n\t\t\t\t\twidth=\"100\"\n\t\t\t\t\theight=\"75\"\n\t\t\t\t\tstyle=\"max-width:100%;\"\n\t\t\t\t\/>\n\t\t\t<\/a>\n\t\t<\/div>\n\t\t\t\t\t\t\t<\/div> \n\t\t\t\n\t\t\t\t<div id=\"ngg-image-5\" class=\"ngg-gallery-thumbnail-box \n\t\t\t\t\t\t\t\t\t\t\t\" \n\t\t\t>\n\t\t\t\t\t\t<div class=\"ngg-gallery-thumbnail\">\n\t\t\t<a href=\"http:\/\/www.liouty.com\/fr\/wp-content\/gallery\/chambres\/room-2-800.jpg\"\n\t\t\t\ttitle=\"Notre chambre d\u2019h\u00f4tes se trouve au c\u0153ur du village de Ceyras dans l&#039;H\u00e9rault...\"\n\t\t\t\tdata-src=\"http:\/\/www.liouty.com\/fr\/wp-content\/gallery\/chambres\/room-2-800.jpg\"\n\t\t\t\tdata-thumbnail=\"http:\/\/www.liouty.com\/fr\/wp-content\/gallery\/chambres\/thumbs\/thumbs_room-2-800.jpg\"\n\t\t\t\tdata-image-id=\"15\"\n\t\t\t\tdata-title=\"\u00a9 Liouty | G\u00eete\"\n\t\t\t\tdata-description=\"Notre chambre d\u2019h\u00f4tes se trouve au c\u0153ur du village de Ceyras dans l&#039;H\u00e9rault...\"\n\t\t\t\tdata-image-slug=\"liouty-chambres-dhotes-7\"\n\t\t\t\tclass=\"shutterset_14ff1719ce6ba86d23c229e6e4a427c3\">\n\t\t\t\t<img\n\t\t\t\t\ttitle=\"\u00a9 Liouty | G\u00eete\"\n\t\t\t\t\talt=\"\u00a9 Liouty | G\u00eete\"\n\t\t\t\t\tsrc=\"http:\/\/www.liouty.com\/fr\/wp-content\/gallery\/chambres\/thumbs\/thumbs_room-2-800.jpg\"\n\t\t\t\t\twidth=\"100\"\n\t\t\t\t\theight=\"75\"\n\t\t\t\t\tstyle=\"max-width:100%;\"\n\t\t\t\t\/>\n\t\t\t<\/a>\n\t\t<\/div>\n\t\t\t\t\t\t\t<\/div> \n\t\t\t\n\t\t\t\t<div id=\"ngg-image-6\" class=\"ngg-gallery-thumbnail-box \n\t\t\t\t\t\t\t\t\t\t\t\" \n\t\t\t>\n\t\t\t\t\t\t<div class=\"ngg-gallery-thumbnail\">\n\t\t\t<a href=\"http:\/\/www.liouty.com\/fr\/wp-content\/gallery\/chambres\/cuisine-1_800.jpg\"\n\t\t\t\ttitle=\"Notre chambre d\u2019h\u00f4tes se trouve au c\u0153ur du village de Ceyras dans l&#039;H\u00e9rault...\"\n\t\t\t\tdata-src=\"http:\/\/www.liouty.com\/fr\/wp-content\/gallery\/chambres\/cuisine-1_800.jpg\"\n\t\t\t\tdata-thumbnail=\"http:\/\/www.liouty.com\/fr\/wp-content\/gallery\/chambres\/thumbs\/thumbs_cuisine-1_800.jpg\"\n\t\t\t\tdata-image-id=\"13\"\n\t\t\t\tdata-title=\"\u00a9 Liouty | G\u00eete\"\n\t\t\t\tdata-description=\"Notre chambre d\u2019h\u00f4tes se trouve au c\u0153ur du village de Ceyras dans l&#039;H\u00e9rault...\"\n\t\t\t\tdata-image-slug=\"liouty-chambres-dhotes-8\"\n\t\t\t\tclass=\"shutterset_14ff1719ce6ba86d23c229e6e4a427c3\">\n\t\t\t\t<img\n\t\t\t\t\ttitle=\"\u00a9 Liouty | G\u00eete\"\n\t\t\t\t\talt=\"\u00a9 Liouty | G\u00eete\"\n\t\t\t\t\tsrc=\"http:\/\/www.liouty.com\/fr\/wp-content\/gallery\/chambres\/thumbs\/thumbs_cuisine-1_800.jpg\"\n\t\t\t\t\twidth=\"100\"\n\t\t\t\t\theight=\"75\"\n\t\t\t\t\tstyle=\"max-width:100%;\"\n\t\t\t\t\/>\n\t\t\t<\/a>\n\t\t<\/div>\n\t\t\t\t\t\t\t<\/div> \n\t\t\t\n\t\t\t\t<div id=\"ngg-image-7\" class=\"ngg-gallery-thumbnail-box \n\t\t\t\t\t\t\t\t\t\t\t\" \n\t\t\t>\n\t\t\t\t\t\t<div class=\"ngg-gallery-thumbnail\">\n\t\t\t<a href=\"http:\/\/www.liouty.com\/fr\/wp-content\/gallery\/chambres\/cuisine-2_800.jpg\"\n\t\t\t\ttitle=\"Notre chambre d\u2019h\u00f4tes se trouve au c\u0153ur du village de Ceyras dans l&#039;H\u00e9rault...\"\n\t\t\t\tdata-src=\"http:\/\/www.liouty.com\/fr\/wp-content\/gallery\/chambres\/cuisine-2_800.jpg\"\n\t\t\t\tdata-thumbnail=\"http:\/\/www.liouty.com\/fr\/wp-content\/gallery\/chambres\/thumbs\/thumbs_cuisine-2_800.jpg\"\n\t\t\t\tdata-image-id=\"14\"\n\t\t\t\tdata-title=\"\u00a9 Liouty | G\u00eete\"\n\t\t\t\tdata-description=\"Notre chambre d\u2019h\u00f4tes se trouve au c\u0153ur du village de Ceyras dans l&#039;H\u00e9rault...\"\n\t\t\t\tdata-image-slug=\"liouty-chambres-dhotes-9\"\n\t\t\t\tclass=\"shutterset_14ff1719ce6ba86d23c229e6e4a427c3\">\n\t\t\t\t<img\n\t\t\t\t\ttitle=\"\u00a9 Liouty | G\u00eete\"\n\t\t\t\t\talt=\"\u00a9 Liouty | G\u00eete\"\n\t\t\t\t\tsrc=\"http:\/\/www.liouty.com\/fr\/wp-content\/gallery\/chambres\/thumbs\/thumbs_cuisine-2_800.jpg\"\n\t\t\t\t\twidth=\"100\"\n\t\t\t\t\theight=\"75\"\n\t\t\t\t\tstyle=\"max-width:100%;\"\n\t\t\t\t\/>\n\t\t\t<\/a>\n\t\t<\/div>\n\t\t\t\t\t\t\t<\/div> \n\t\t\t\n\t\t\t\t<div id=\"ngg-image-8\" class=\"ngg-gallery-thumbnail-box \n\t\t\t\t\t\t\t\t\t\t\t\" \n\t\t\t>\n\t\t\t\t\t\t<div class=\"ngg-gallery-thumbnail\">\n\t\t\t<a href=\"http:\/\/www.liouty.com\/fr\/wp-content\/gallery\/chambres\/salon-1a-800.jpg\"\n\t\t\t\ttitle=\"Notre chambre d\u2019h\u00f4tes se trouve au c\u0153ur du village de Ceyras dans l&#039;H\u00e9rault...\"\n\t\t\t\tdata-src=\"http:\/\/www.liouty.com\/fr\/wp-content\/gallery\/chambres\/salon-1a-800.jpg\"\n\t\t\t\tdata-thumbnail=\"http:\/\/www.liouty.com\/fr\/wp-content\/gallery\/chambres\/thumbs\/thumbs_salon-1a-800.jpg\"\n\t\t\t\tdata-image-id=\"20\"\n\t\t\t\tdata-title=\"\u00a9 Liouty | G\u00eete\"\n\t\t\t\tdata-description=\"Notre chambre d\u2019h\u00f4tes se trouve au c\u0153ur du village de Ceyras dans l&#039;H\u00e9rault...\"\n\t\t\t\tdata-image-slug=\"liouty-chambres-dhotes-10\"\n\t\t\t\tclass=\"shutterset_14ff1719ce6ba86d23c229e6e4a427c3\">\n\t\t\t\t<img\n\t\t\t\t\ttitle=\"\u00a9 Liouty | G\u00eete\"\n\t\t\t\t\talt=\"\u00a9 Liouty | G\u00eete\"\n\t\t\t\t\tsrc=\"http:\/\/www.liouty.com\/fr\/wp-content\/gallery\/chambres\/thumbs\/thumbs_salon-1a-800.jpg\"\n\t\t\t\t\twidth=\"100\"\n\t\t\t\t\theight=\"75\"\n\t\t\t\t\tstyle=\"max-width:100%;\"\n\t\t\t\t\/>\n\t\t\t<\/a>\n\t\t<\/div>\n\t\t\t\t\t\t\t<\/div> \n\t\t\t\n\t\t\t\t<div id=\"ngg-image-9\" class=\"ngg-gallery-thumbnail-box \n\t\t\t\t\t\t\t\t\t\t\t\" \n\t\t\t>\n\t\t\t\t\t\t<div class=\"ngg-gallery-thumbnail\">\n\t\t\t<a href=\"http:\/\/www.liouty.com\/fr\/wp-content\/gallery\/chambres\/cour-1.jpg\"\n\t\t\t\ttitle=\"Notre chambre d\u2019h\u00f4tes se trouve au c\u0153ur du village de Ceyras dans l&#039;H\u00e9rault...\"\n\t\t\t\tdata-src=\"http:\/\/www.liouty.com\/fr\/wp-content\/gallery\/chambres\/cour-1.jpg\"\n\t\t\t\tdata-thumbnail=\"http:\/\/www.liouty.com\/fr\/wp-content\/gallery\/chambres\/thumbs\/thumbs_cour-1.jpg\"\n\t\t\t\tdata-image-id=\"12\"\n\t\t\t\tdata-title=\"\u00a9 Liouty | G\u00eete\"\n\t\t\t\tdata-description=\"Notre chambre d\u2019h\u00f4tes se trouve au c\u0153ur du village de Ceyras dans l&#039;H\u00e9rault...\"\n\t\t\t\tdata-image-slug=\"liouty-chambres-dhotes-11\"\n\t\t\t\tclass=\"shutterset_14ff1719ce6ba86d23c229e6e4a427c3\">\n\t\t\t\t<img\n\t\t\t\t\ttitle=\"\u00a9 Liouty | G\u00eete\"\n\t\t\t\t\talt=\"\u00a9 Liouty | G\u00eete\"\n\t\t\t\t\tsrc=\"http:\/\/www.liouty.com\/fr\/wp-content\/gallery\/chambres\/thumbs\/thumbs_cour-1.jpg\"\n\t\t\t\t\twidth=\"100\"\n\t\t\t\t\theight=\"75\"\n\t\t\t\t\tstyle=\"max-width:100%;\"\n\t\t\t\t\/>\n\t\t\t<\/a>\n\t\t<\/div>\n\t\t\t\t\t\t\t<\/div> \n\t\t\t\n\t\t\t\t<div id=\"ngg-image-10\" class=\"ngg-gallery-thumbnail-box \n\t\t\t\t\t\t\t\t\t\t\t\" \n\t\t\t>\n\t\t\t\t\t\t<div class=\"ngg-gallery-thumbnail\">\n\t\t\t<a href=\"http:\/\/www.liouty.com\/fr\/wp-content\/gallery\/chambres\/maison-v.jpg\"\n\t\t\t\ttitle=\"Notre chambre d\u2019h\u00f4tes se trouve au c\u0153ur du village de Ceyras dans l&#039;H\u00e9rault...\"\n\t\t\t\tdata-src=\"http:\/\/www.liouty.com\/fr\/wp-content\/gallery\/chambres\/maison-v.jpg\"\n\t\t\t\tdata-thumbnail=\"http:\/\/www.liouty.com\/fr\/wp-content\/gallery\/chambres\/thumbs\/thumbs_maison-v.jpg\"\n\t\t\t\tdata-image-id=\"31\"\n\t\t\t\tdata-title=\"\u00a9 Liouty | G\u00eete\"\n\t\t\t\tdata-description=\"Notre chambre d\u2019h\u00f4tes se trouve au c\u0153ur du village de Ceyras dans l&#039;H\u00e9rault...\"\n\t\t\t\tdata-image-slug=\"liouty-chambres-dhotes-12\"\n\t\t\t\tclass=\"shutterset_14ff1719ce6ba86d23c229e6e4a427c3\">\n\t\t\t\t<img\n\t\t\t\t\ttitle=\"\u00a9 Liouty | G\u00eete\"\n\t\t\t\t\talt=\"\u00a9 Liouty | G\u00eete\"\n\t\t\t\t\tsrc=\"http:\/\/www.liouty.com\/fr\/wp-content\/gallery\/chambres\/thumbs\/thumbs_maison-v.jpg\"\n\t\t\t\t\twidth=\"100\"\n\t\t\t\t\theight=\"75\"\n\t\t\t\t\tstyle=\"max-width:100%;\"\n\t\t\t\t\/>\n\t\t\t<\/a>\n\t\t<\/div>\n\t\t\t\t\t\t\t<\/div> \n\t\t\t\n\t\t\t\t<div id=\"ngg-image-11\" class=\"ngg-gallery-thumbnail-box \n\t\t\t\t\t\t\t\t\t\t\t\" \n\t\t\t>\n\t\t\t\t\t\t<div class=\"ngg-gallery-thumbnail\">\n\t\t\t<a href=\"http:\/\/www.liouty.com\/fr\/wp-content\/gallery\/chambres\/riviere.jpg\"\n\t\t\t\ttitle=\"Notre chambre d\u2019h\u00f4tes se trouve au c\u0153ur du village de Ceyras dans l&#039;H\u00e9rault...\"\n\t\t\t\tdata-src=\"http:\/\/www.liouty.com\/fr\/wp-content\/gallery\/chambres\/riviere.jpg\"\n\t\t\t\tdata-thumbnail=\"http:\/\/www.liouty.com\/fr\/wp-content\/gallery\/chambres\/thumbs\/thumbs_riviere.jpg\"\n\t\t\t\tdata-image-id=\"32\"\n\t\t\t\tdata-title=\"\u00a9 Liouty | G\u00eete\"\n\t\t\t\tdata-description=\"Notre chambre d\u2019h\u00f4tes se trouve au c\u0153ur du village de Ceyras dans l&#039;H\u00e9rault...\"\n\t\t\t\tdata-image-slug=\"liouty-chambres-dhotes-13\"\n\t\t\t\tclass=\"shutterset_14ff1719ce6ba86d23c229e6e4a427c3\">\n\t\t\t\t<img\n\t\t\t\t\ttitle=\"\u00a9 Liouty | G\u00eete\"\n\t\t\t\t\talt=\"\u00a9 Liouty | G\u00eete\"\n\t\t\t\t\tsrc=\"http:\/\/www.liouty.com\/fr\/wp-content\/gallery\/chambres\/thumbs\/thumbs_riviere.jpg\"\n\t\t\t\t\twidth=\"100\"\n\t\t\t\t\theight=\"75\"\n\t\t\t\t\tstyle=\"max-width:100%;\"\n\t\t\t\t\/>\n\t\t\t<\/a>\n\t\t<\/div>\n\t\t\t\t\t\t\t<\/div> \n\t\t\t\n\t\n\t<br style=\"clear: both\" \/>\n\n\t\n\t\t<!-- Pagination -->\n\t\t<div class='ngg-clear'><\/div>\t<\/div>\n<\/strong><\/p>\n\n\n\n<p>Aux environs, de nombreux sites marquants valent le d\u00e9tour\u00a0comme l\u2019abbaye de St Guilhem-le-D\u00e9sert, les cirques de Mour\u00e8ze et de Navacelles, Lod\u00e8ve ou la manufacture royale de Villeneuvette, sans oublier le lac du Salagou et sa base nautique.<\/p>\n\n\n\n<p>Notre g\u00eete se trouve au c\u0153ur du vieux village, entre l\u2019\u00e9glise fortifi\u00e9e et les bords de la Lergue. Situ\u00e9e dans le p\u00e9rim\u00e8tre &nbsp;de l\u2019ancien ch\u00e2teau m\u00e9di\u00e9val, elle &nbsp;a gard\u00e9 le charme des vieilles pierres et offre un asile de &nbsp;fra\u00eecheur et de tranquillit\u00e9. Trois chambres sont \u00e0 votre disposition (dont une chambre d\u2019enfants), ainsi qu\u2019une cuisine vo\u00fbt\u00e9e et un salon donnant sur un patio. Vous pourrez aussi prendre vos repas devant la maison, face \u00e0 la rivi\u00e8re.<\/p>\n\n\n\n<p><\/p>\n\n\n<p lang=\"en-GB\">&nbsp;<\/p>\n<p lang=\"en-GB\" style=\"text-align: justify;\">&nbsp;<\/p>\n<p style=\"text-align: justify;\">&nbsp;<\/p>\n<p style=\"text-align: justify;\">&nbsp;<\/p>","protected":false},"excerpt":{"rendered":"<p>Petit village typique du Languedoc, CEYRAS est id\u00e9alement situ\u00e9 entre mer et Larzac, \u00e0 mi-chemin de Montpellier et de B\u00e9ziers, sur la route de l\u2019Espagne et au c\u0153ur du vignoble h\u00e9raultais.\u00a0 Aux environs, de nombreux sites marquants valent le d\u00e9tour\u00a0comme l\u2019abbaye de St Guilhem-le-D\u00e9sert, les cirques de Mour\u00e8ze et de Navacelles, Lod\u00e8ve ou la manufacture [&hellip;]<\/p>\n","protected":false},"author":1,"featured_media":0,"parent":0,"menu_order":0,"comment_status":"closed","ping_status":"open","template":"","meta":{"om_disable_all_campaigns":false,"_monsterinsights_skip_tracking":false,"_monsterinsights_sitenote_active":false,"_monsterinsights_sitenote_note":"","_monsterinsights_sitenote_category":0,"ngg_post_thumbnail":0,"footnotes":""},"aioseo_notices":[],"_links":{"self":[{"href":"http:\/\/www.liouty.com\/fr\/wp-json\/wp\/v2\/pages\/37"}],"collection":[{"href":"http:\/\/www.liouty.com\/fr\/wp-json\/wp\/v2\/pages"}],"about":[{"href":"http:\/\/www.liouty.com\/fr\/wp-json\/wp\/v2\/types\/page"}],"author":[{"embeddable":true,"href":"http:\/\/www.liouty.com\/fr\/wp-json\/wp\/v2\/users\/1"}],"replies":[{"embeddable":true,"href":"http:\/\/www.liouty.com\/fr\/wp-json\/wp\/v2\/comments?post=37"}],"version-history":[{"count":31,"href":"http:\/\/www.liouty.com\/fr\/wp-json\/wp\/v2\/pages\/37\/revisions"}],"predecessor-version":[{"id":835,"href":"http:\/\/www.liouty.com\/fr\/wp-json\/wp\/v2\/pages\/37\/revisions\/835"}],"wp:attachment":[{"href":"http:\/\/www.liouty.com\/fr\/wp-json\/wp\/v2\/media?parent=37"}],"curies":[{"name":"wp","href":"https:\/\/api.w.org\/{rel}","templated":true}]}}